{"id":270,"date":"2026-03-19T12:51:49","date_gmt":"2026-03-19T12:51:49","guid":{"rendered":"https:\/\/seguraging.okawa.es\/?page_id=270"},"modified":"2026-03-24T12:10:43","modified_gmt":"2026-03-24T12:10:43","slug":"contacto","status":"publish","type":"page","link":"https:\/\/seguraging.okawa.es\/?page_id=270","title":{"rendered":"Contacto"},"content":{"rendered":"\t\t<div data-elementor-type=\"wp-page\" data-elementor-id=\"270\" class=\"elementor elementor-270\" data-elementor-post-type=\"page\">\n\t\t\t\t<div class=\"elementor-element elementor-element-9731875 e-flex e-con-boxed e-con e-parent\" data-id=\"9731875\" data-element_type=\"container\" data-e-type=\"container\" data-settings=\"{&quot;background_background&quot;:&quot;classic&quot;}\">\n\t\t\t\t\t<div class=\"e-con-inner\">\n\t\t<div class=\"elementor-element elementor-element-61d6453 e-con-full e-flex e-con e-child\" data-id=\"61d6453\" data-element_type=\"container\" data-e-type=\"container\">\n\t\t\t\t<div class=\"elementor-element elementor-element-64a6c73 de_scroll_animation_no elementor-invisible elementor-widget elementor-widget-heading\" data-id=\"64a6c73\" data-element_type=\"widget\" data-e-type=\"widget\" data-settings=\"{&quot;_animation&quot;:&quot;fadeIn&quot;}\" data-widget_type=\"heading.default\">\n\t\t\t\t\t<h1 class=\"elementor-heading-title elementor-size-default\">Contacto<\/h1>\t\t\t\t<\/div>\n\t\t\t\t<\/div>\n\t\t\t\t\t<\/div>\n\t\t\t\t<\/div>\n\t\t<div class=\"elementor-element elementor-element-60df166 e-flex e-con-boxed elementor-invisible e-con e-child\" data-id=\"60df166\" data-element_type=\"container\" data-e-type=\"container\" data-settings=\"{&quot;background_background&quot;:&quot;classic&quot;,&quot;animation&quot;:&quot;fadeIn&quot;}\">\n\t\t\t\t\t<div class=\"e-con-inner\">\n\t\t\t\t<div class=\"elementor-element elementor-element-8bf6da5 de_scroll_animation_no elementor-widget elementor-widget-heading\" data-id=\"8bf6da5\" data-element_type=\"widget\" data-e-type=\"widget\" data-widget_type=\"heading.default\">\n\t\t\t\t\t<h2 class=\"elementor-heading-title elementor-size-default\">Contacta con Cl\u00ednica de Salud Seguraging<\/h2>\t\t\t\t<\/div>\n\t\t\t\t<div class=\"elementor-element elementor-element-ae20b4c de_scroll_animation_no elementor-widget elementor-widget-text-editor\" data-id=\"ae20b4c\" data-element_type=\"widget\" data-e-type=\"widget\" data-widget_type=\"text-editor.default\">\n\t\t\t\t\t\t\t\t\t<p>Si est\u00e1s buscando una atenci\u00f3n m\u00e9dica completa y centrada en tu bienestar global, contacta con nuestra Cl\u00ednica de Salud Seguraging y da el primer paso hacia un enfoque integrativo y preventivo de la salud.<\/p><p>En la Cl\u00ednica de Salud Seguraging trabajamos con una visi\u00f3n integrativa y preventiva. Nuestro trabajo tiene un impacto directo en tu salud, por eso analizamos cada caso con rigor cl\u00ednico, coordinaci\u00f3n profesional y enfoque personalizado.<\/p>\t\t\t\t\t\t\t\t<\/div>\n\t\t\t\t\t<\/div>\n\t\t\t\t<\/div>\n\t\t<div class=\"elementor-element elementor-element-e443992 e-flex e-con-boxed e-con e-parent\" data-id=\"e443992\" data-element_type=\"container\" data-e-type=\"container\">\n\t\t\t\t\t<div class=\"e-con-inner\">\n\t\t<div class=\"elementor-element elementor-element-c5be664 e-con-full e-flex e-con e-child\" data-id=\"c5be664\" data-element_type=\"container\" data-e-type=\"container\">\n\t\t\t\t<div class=\"elementor-element elementor-element-bbe0fa3 de_scroll_animation_no elementor-invisible elementor-widget elementor-widget-heading\" data-id=\"bbe0fa3\" data-element_type=\"widget\" data-e-type=\"widget\" data-settings=\"{&quot;_animation&quot;:&quot;fadeIn&quot;}\" data-widget_type=\"heading.default\">\n\t\t\t\t\t<h2 class=\"elementor-heading-title elementor-size-default\">Primera visita de medicina integrativa<\/h2>\t\t\t\t<\/div>\n\t\t\t\t<div class=\"elementor-element elementor-element-32f0ca9 de_scroll_animation_no elementor-invisible elementor-widget elementor-widget-text-editor\" data-id=\"32f0ca9\" data-element_type=\"widget\" data-e-type=\"widget\" data-settings=\"{&quot;_animation&quot;:&quot;fadeIn&quot;,&quot;_animation_delay&quot;:200}\" data-widget_type=\"text-editor.default\">\n\t\t\t\t\t\t\t\t\t<p>La primera visita es una sesi\u00f3n cl\u00ednica completa y personalizada, con una duraci\u00f3n aproximada de entre 60 y 90 minutos.<\/p><p>Durante esta primera cita:<\/p><ul><li>Revisamos tu historial cl\u00ednico y antecedentes<\/li><li>Analizamos tu estilo de vida<\/li><li>Evaluamos s\u00edntomas y contexto m\u00e9dico<\/li><li>Establecemos objetivos de salud realistas<\/li><li>Proponemos un plan adaptado a tu situaci\u00f3n<\/li><\/ul><p>Se trata de una cita profesional que requiere reserva previa y abono seg\u00fan las tarifas vigentes de la cl\u00ednica.<\/p>\t\t\t\t\t\t\t\t<\/div>\n\t\t\t\t<\/div>\n\t\t<div class=\"elementor-element elementor-element-9ed5998 e-con-full e-flex e-con e-child\" data-id=\"9ed5998\" data-element_type=\"container\" data-e-type=\"container\">\n\t\t\t\t<div class=\"elementor-element elementor-element-eb0e7db de_scroll_animation_no elementor-widget elementor-widget-html\" data-id=\"eb0e7db\" data-element_type=\"widget\" data-e-type=\"widget\" data-widget_type=\"html.default\">\n\t\t\t\t\t<iframe\n    src=\"https:\/\/api.leadconnectorhq.com\/widget\/form\/EiNJ367LRxM3c85e8N1h\"\n    style=\"width:100%;height:100%;border:none;border-radius:0px\"\n    id=\"inline-EiNJ367LRxM3c85e8N1h\" \n    data-layout=\"{'id':'INLINE'}\"\n    data-trigger-type=\"alwaysShow\"\n    data-trigger-value=\"\"\n    data-activation-type=\"alwaysActivated\"\n    data-activation-value=\"\"\n    data-deactivation-type=\"neverDeactivate\"\n    data-deactivation-value=\"\"\n    data-form-name=\"Formulari de contacto\"\n    data-height=\"undefined\"\n    data-layout-iframe-id=\"inline-EiNJ367LRxM3c85e8N1h\"\n    data-form-id=\"EiNJ367LRxM3c85e8N1h\"\n    title=\"Formulari de contacto\"\n        >\n<\/iframe>\n<script src=\"https:\/\/link.msgsndr.com\/js\/form_embed.js\"><\/script>\t\t\t\t<\/div>\n\t\t\t\t<\/div>\n\t\t\t\t\t<\/div>\n\t\t\t\t<\/div>\n\t\t<div class=\"elementor-element elementor-element-5eca428 e-flex e-con-boxed elementor-invisible e-con e-child\" data-id=\"5eca428\" data-element_type=\"container\" data-e-type=\"container\" data-settings=\"{&quot;background_background&quot;:&quot;classic&quot;,&quot;animation&quot;:&quot;fadeIn&quot;}\">\n\t\t\t\t\t<div class=\"e-con-inner\">\n\t\t\t\t<div class=\"elementor-element elementor-element-909414c de_scroll_animation_no elementor-widget elementor-widget-heading\" data-id=\"909414c\" data-element_type=\"widget\" data-e-type=\"widget\" data-widget_type=\"heading.default\">\n\t\t\t\t\t<h2 class=\"elementor-heading-title elementor-size-default\">\u00bfC\u00f3mo solicitar tu cita en nuestra cl\u00ednica integrativa?<\/h2>\t\t\t\t<\/div>\n\t\t\t\t<div class=\"elementor-element elementor-element-976396f de_scroll_animation_no elementor-widget elementor-widget-text-editor\" data-id=\"976396f\" data-element_type=\"widget\" data-e-type=\"widget\" data-widget_type=\"text-editor.default\">\n\t\t\t\t\t\t\t\t\t<p>Puedes reservar tu cita por tel\u00e9fono, correo electr\u00f3nico o de forma presencial en nuestro centro de Badalona. Nuestro equipo de atenci\u00f3n te orientar\u00e1 sobre la disponibilidad, tipo de visita y profesional m\u00e1s adecuado seg\u00fan tu caso.<\/p>\t\t\t\t\t\t\t\t<\/div>\n\t\t\t\t\t<\/div>\n\t\t\t\t<\/div>\n\t\t<div class=\"elementor-element elementor-element-bad8206 e-flex e-con-boxed e-con e-parent\" data-id=\"bad8206\" data-element_type=\"container\" data-e-type=\"container\" data-settings=\"{&quot;background_background&quot;:&quot;classic&quot;}\">\n\t\t\t\t\t<div class=\"e-con-inner\">\n\t\t<div class=\"elementor-element elementor-element-0c461d8 e-con-full e-flex elementor-invisible e-con e-child\" data-id=\"0c461d8\" data-element_type=\"container\" data-e-type=\"container\" data-settings=\"{&quot;animation&quot;:&quot;fadeIn&quot;}\">\n\t\t\t\t<div class=\"elementor-element elementor-element-728b0b3 de_scroll_animation_no elementor-widget elementor-widget-icon-box\" data-id=\"728b0b3\" data-element_type=\"widget\" data-e-type=\"widget\" data-widget_type=\"icon-box.default\">\n\t\t\t\t\t\t\t<div class=\"elementor-icon-box-wrapper\">\n\n\t\t\t\n\t\t\t\t\t\t<div class=\"elementor-icon-box-content\">\n\n\t\t\t\t\t\t\t\t\t<h3 class=\"elementor-icon-box-title\">\n\t\t\t\t\t\t<span  >\n\t\t\t\t\t\t\tDirecci\u00f3n\t\t\t\t\t\t<\/span>\n\t\t\t\t\t<\/h3>\n\t\t\t\t\n\t\t\t\t\t\t\t\t\t<p class=\"elementor-icon-box-description\">\n\t\t\t\t\t\tCarrer de Marina, 39, 08912 Badalona\t\t\t\t\t<\/p>\n\t\t\t\t\n\t\t\t<\/div>\n\t\t\t\n\t\t<\/div>\n\t\t\t\t\t\t<\/div>\n\t\t\t\t<\/div>\n\t\t<div class=\"elementor-element elementor-element-57cf7e2 e-con-full e-flex elementor-invisible e-con e-child\" data-id=\"57cf7e2\" data-element_type=\"container\" data-e-type=\"container\" data-settings=\"{&quot;animation&quot;:&quot;fadeIn&quot;,&quot;animation_delay&quot;:200}\">\n\t\t\t\t<div class=\"elementor-element elementor-element-87a35e9 de_scroll_animation_no elementor-widget elementor-widget-icon-box\" data-id=\"87a35e9\" data-element_type=\"widget\" data-e-type=\"widget\" data-widget_type=\"icon-box.default\">\n\t\t\t\t\t\t\t<div class=\"elementor-icon-box-wrapper\">\n\n\t\t\t\n\t\t\t\t\t\t<div class=\"elementor-icon-box-content\">\n\n\t\t\t\t\t\t\t\t\t<h3 class=\"elementor-icon-box-title\">\n\t\t\t\t\t\t<a href=\"tel:+34679854787\" >\n\t\t\t\t\t\t\tTel\u00e9fono\t\t\t\t\t\t<\/a>\n\t\t\t\t\t<\/h3>\n\t\t\t\t\n\t\t\t\t\t\t\t\t\t<p class=\"elementor-icon-box-description\">\n\t\t\t\t\t\t937 557 005  <br> +34 679 854 787\t\t\t\t\t<\/p>\n\t\t\t\t\n\t\t\t<\/div>\n\t\t\t\n\t\t<\/div>\n\t\t\t\t\t\t<\/div>\n\t\t\t\t<\/div>\n\t\t<div class=\"elementor-element elementor-element-97752ad e-con-full e-flex elementor-invisible e-con e-child\" data-id=\"97752ad\" data-element_type=\"container\" data-e-type=\"container\" data-settings=\"{&quot;animation&quot;:&quot;fadeIn&quot;,&quot;animation_delay&quot;:400}\">\n\t\t\t\t<div class=\"elementor-element elementor-element-e402ebd de_scroll_animation_no elementor-widget elementor-widget-icon-box\" data-id=\"e402ebd\" data-element_type=\"widget\" data-e-type=\"widget\" data-widget_type=\"icon-box.default\">\n\t\t\t\t\t\t\t<div class=\"elementor-icon-box-wrapper\">\n\n\t\t\t\n\t\t\t\t\t\t<div class=\"elementor-icon-box-content\">\n\n\t\t\t\t\t\t\t\t\t<h3 class=\"elementor-icon-box-title\">\n\t\t\t\t\t\t<a href=\"mailto:clinicasalut@seguraging.com\" >\n\t\t\t\t\t\t\tEmail\t\t\t\t\t\t<\/a>\n\t\t\t\t\t<\/h3>\n\t\t\t\t\n\t\t\t\t\t\t\t\t\t<p class=\"elementor-icon-box-description\">\n\t\t\t\t\t\tclinicasalut@seguraging.com\t\t\t\t\t<\/p>\n\t\t\t\t\n\t\t\t<\/div>\n\t\t\t\n\t\t<\/div>\n\t\t\t\t\t\t<\/div>\n\t\t\t\t<\/div>\n\t\t\t\t\t<\/div>\n\t\t\t\t<\/div>\n\t\t<div class=\"elementor-element elementor-element-37dd544 e-flex e-con-boxed elementor-invisible e-con e-parent\" data-id=\"37dd544\" data-element_type=\"container\" data-e-type=\"container\" data-settings=\"{&quot;animation&quot;:&quot;fadeIn&quot;}\">\n\t\t\t\t\t<div class=\"e-con-inner\">\n\t\t<div class=\"elementor-element elementor-element-90d8df8 e-con-full e-flex e-con e-child\" data-id=\"90d8df8\" data-element_type=\"container\" data-e-type=\"container\">\n\t\t<div class=\"elementor-element elementor-element-29375e5 e-flex e-con-boxed e-con e-child\" data-id=\"29375e5\" data-element_type=\"container\" data-e-type=\"container\">\n\t\t\t\t\t<div class=\"e-con-inner\">\n\t\t\t\t<div class=\"elementor-element elementor-element-b063e24 de_scroll_animation_no elementor-widget elementor-widget-heading\" data-id=\"b063e24\" data-element_type=\"widget\" data-e-type=\"widget\" data-widget_type=\"heading.default\">\n\t\t\t\t\t<h2 class=\"elementor-heading-title elementor-size-default\">\u00bfD\u00f3nde estamos?<\/h2>\t\t\t\t<\/div>\n\t\t\t\t<div class=\"elementor-element elementor-element-9a86b47 de_scroll_animation_no elementor-widget elementor-widget-text-editor\" data-id=\"9a86b47\" data-element_type=\"widget\" data-e-type=\"widget\" data-widget_type=\"text-editor.default\">\n\t\t\t\t\t\t\t\t\t<p>Nuestra cl\u00ednica est\u00e1 situada en Badalona, en una zona accesible y bien comunicada tanto en transporte p\u00fablico como en veh\u00edculo privado, con conexiones r\u00e1pidas desde Barcelona, Barcelon\u00e8s Nord y Maresme.<\/p>\t\t\t\t\t\t\t\t<\/div>\n\t\t\t\t\t<\/div>\n\t\t\t\t<\/div>\n\t\t\t\t<div class=\"elementor-element elementor-element-e8141d1 de_scroll_animation_no elementor-widget elementor-widget-google_maps\" data-id=\"e8141d1\" data-element_type=\"widget\" data-e-type=\"widget\" data-widget_type=\"google_maps.default\">\n\t\t\t\t\t\t\t<div class=\"elementor-custom-embed\">\n\t\t\t<iframe loading=\"lazy\"\n\t\t\t\t\tsrc=\"https:\/\/maps.google.com\/maps?q=Carrer%20de%20Marina%2C%2039%2C%2008912%20Badalona&#038;t=m&#038;z=16&#038;output=embed&#038;iwloc=near\"\n\t\t\t\t\ttitle=\"Carrer de Marina, 39, 08912 Badalona\"\n\t\t\t\t\taria-label=\"Carrer de Marina, 39, 08912 Badalona\"\n\t\t\t><\/iframe>\n\t\t<\/div>\n\t\t\t\t\t\t<\/div>\n\t\t\t\t<\/div>\n\t\t\t\t\t<\/div>\n\t\t\t\t<\/div>\n\t\t<div class=\"elementor-element elementor-element-b83a6e7 e-flex e-con-boxed e-con e-parent\" data-id=\"b83a6e7\" data-element_type=\"container\" data-e-type=\"container\" data-settings=\"{&quot;background_background&quot;:&quot;classic&quot;}\">\n\t\t\t\t\t<div class=\"e-con-inner\">\n\t\t<div class=\"elementor-element elementor-element-9539dc3 e-flex e-con-boxed e-con e-child\" data-id=\"9539dc3\" data-element_type=\"container\" data-e-type=\"container\">\n\t\t\t\t\t<div class=\"e-con-inner\">\n\t\t\t\t<div class=\"elementor-element elementor-element-98c07d7 de_scroll_animation_no elementor-invisible elementor-widget elementor-widget-heading\" data-id=\"98c07d7\" data-element_type=\"widget\" data-e-type=\"widget\" data-settings=\"{&quot;_animation&quot;:&quot;fadeIn&quot;}\" data-widget_type=\"heading.default\">\n\t\t\t\t\t<h2 class=\"elementor-heading-title elementor-size-default\">Preguntas frecuentes<\/h2>\t\t\t\t<\/div>\n\t\t\t\t<div class=\"elementor-element elementor-element-87fdbad de_scroll_animation_no elementor-invisible elementor-widget elementor-widget-elementskit-accordion\" data-id=\"87fdbad\" data-element_type=\"widget\" data-e-type=\"widget\" data-settings=\"{&quot;_animation&quot;:&quot;fadeIn&quot;,&quot;_animation_delay&quot;:400}\" data-widget_type=\"elementskit-accordion.default\">\n\t\t\t\t\t<div class=\"ekit-wid-con\" >\n        <div class=\"elementskit-accordion accoedion-primary\" id=\"accordion-69dda8d596bc4\">\n\n            \n                <div class=\"elementskit-card active\">\n                    <div class=\"elementskit-card-header\" id=\"primaryHeading-0-87fdbad\">\n                        <a href=\"#collapse-2d7faaa69dda8d596bc4\" class=\"ekit-accordion--toggler elementskit-btn-link collapsed\" data-ekit-toggle=\"collapse\" data-target=\"#Collapse-2d7faaa69dda8d596bc4\" aria-expanded=\"true\" aria-controls=\"Collapse-2d7faaa69dda8d596bc4\">\n                            \n                            <span class=\"ekit-accordion-title\">\u00bfEs para m\u00ed la medicina integrativa?<\/span>\n\n                            \n                                <div class=\"ekit_accordion_icon_group\">\n                                    <div class=\"ekit_accordion_normal_icon\">\n                                        <!-- Normal Icon -->\n\t\t\t\t\t\t\t\t\t\t<i class=\"icon icon-chevron-down\"><\/i>                                    <\/div>\n\n                                    <div class=\"ekit_accordion_active_icon\">\n                                        <!-- Active Icon -->\n\t\t\t\t\t\t\t\t\t\t<i class=\"icon icon-chevron-left\"><\/i>                                    <\/div>\n                                <\/div>\n\n                            \n                                                    <\/a>\n                    <\/div>\n\n                    <div id=\"Collapse-2d7faaa69dda8d596bc4\" class=\" show collapse\" aria-labelledby=\"primaryHeading-0-87fdbad\" data-parent=\"#accordion-69dda8d596bc4\">\n\n                        <div class=\"elementskit-card-body ekit-accordion--content\">\n                            <p>La medicina integrativa es adecuada para personas que desean una valoraci\u00f3n global de su salud, comprender el origen de sus s\u00edntomas o complementar su tratamiento m\u00e9dico con un enfoque preventivo y estructurado.<\/p><p>Trabajamos tanto en patolog\u00eda establecida como en prevenci\u00f3n y mejora del bienestar. Si buscas un abordaje profesional, coordinado y con criterio sanitario, este enfoque es para ti.<\/p>                        <\/div>\n\n                    <\/div>\n\n                <\/div><!-- .elementskit-card END -->\n\n                \n                <div class=\"elementskit-card \">\n                    <div class=\"elementskit-card-header\" id=\"primaryHeading-1-87fdbad\">\n                        <a href=\"#collapse-e1ad99969dda8d596bc4\" class=\"ekit-accordion--toggler elementskit-btn-link collapsed\" data-ekit-toggle=\"collapse\" data-target=\"#Collapse-e1ad99969dda8d596bc4\" aria-expanded=\"false\" aria-controls=\"Collapse-e1ad99969dda8d596bc4\">\n                            \n                            <span class=\"ekit-accordion-title\">\u00bfQu\u00e9 diferencia a la Cl\u00ednica de Salud Seguraging de otras cl\u00ednicas?<\/span>\n\n                            \n                                <div class=\"ekit_accordion_icon_group\">\n                                    <div class=\"ekit_accordion_normal_icon\">\n                                        <!-- Normal Icon -->\n\t\t\t\t\t\t\t\t\t\t<i class=\"icon icon-chevron-down\"><\/i>                                    <\/div>\n\n                                    <div class=\"ekit_accordion_active_icon\">\n                                        <!-- Active Icon -->\n\t\t\t\t\t\t\t\t\t\t<i class=\"icon icon-chevron-left\"><\/i>                                    <\/div>\n                                <\/div>\n\n                            \n                                                    <\/a>\n                    <\/div>\n\n                    <div id=\"Collapse-e1ad99969dda8d596bc4\" class=\" collapse\" aria-labelledby=\"primaryHeading-1-87fdbad\" data-parent=\"#accordion-69dda8d596bc4\">\n\n                        <div class=\"elementskit-card-body ekit-accordion--content\">\n                            <p>La diferencia est\u00e1 en la forma de trabajar.<\/p><p>En Seguraging priorizamos:<\/p><ul><li>Escucha real y valoraci\u00f3n sin prisas<\/li><li>Coordinaci\u00f3n profesional<\/li><li>Rigor cl\u00ednico y enfoque estructurado<\/li><li>Trato cercano, emp\u00e1tico y profesional<\/li><\/ul><p>No trabajamos con soluciones est\u00e1ndar. Cada caso se analiza de forma individual, con responsabilidad sanitaria y seguridad profesional.<\/p>                        <\/div>\n\n                    <\/div>\n\n                <\/div><!-- .elementskit-card END -->\n\n                                        <\/div>\n    <\/div>\t\t\t\t<\/div>\n\t\t\t\t\t<\/div>\n\t\t\t\t<\/div>\n\t\t\t\t\t<\/div>\n\t\t\t\t<\/div>\n\t\t\t\t<\/div>\n\t\t","protected":false},"excerpt":{"rendered":"<p>Contacto Contacta con Cl\u00ednica de Salud Seguraging Si est\u00e1s buscando una atenci\u00f3n m\u00e9dica completa y centrada en tu bienestar global, contacta con nuestra Cl\u00ednica de Salud Seguraging y da el primer paso hacia un enfoque integrativo y preventivo de la salud. En la Cl\u00ednica de Salud Seguraging trabajamos con una visi\u00f3n integrativa y preventiva. Nuestro [&hellip;]<\/p>\n","protected":false},"author":1,"featured_media":0,"parent":0,"menu_order":0,"comment_status":"closed","ping_status":"closed","template":"","meta":{"footnotes":""},"class_list":["post-270","page","type-page","status-publish","hentry"],"yoast_head":"<!-- This site is optimized with the Yoast SEO plugin v27.2 - https:\/\/yoast.com\/product\/yoast-seo-wordpress\/ -->\n<title>Contacto - Seguraging<\/title>\n<meta name=\"description\" content=\"Contacta con nuestro equipo y reserva tu cita en Cl\u00ednica de Salud Seguraging en Badalona. Medicina integrativa con enfoque profesional.\" \/>\n<meta name=\"robots\" content=\"index, follow, max-snippet:-1, max-image-preview:large, max-video-preview:-1\" \/>\n<link rel=\"canonical\" href=\"https:\/\/seguraging.okawa.es\/?page_id=270\" \/>\n<meta property=\"og:locale\" content=\"es_ES\" \/>\n<meta property=\"og:type\" content=\"article\" \/>\n<meta property=\"og:title\" content=\"Contacto - Seguraging\" \/>\n<meta property=\"og:description\" content=\"Contacta con nuestro equipo y reserva tu cita en Cl\u00ednica de Salud Seguraging en Badalona. Medicina integrativa con enfoque profesional.\" \/>\n<meta property=\"og:url\" content=\"https:\/\/seguraging.okawa.es\/?page_id=270\" \/>\n<meta property=\"og:site_name\" content=\"Seguraging\" \/>\n<meta property=\"article:modified_time\" content=\"2026-03-24T12:10:43+00:00\" \/>\n<meta name=\"twitter:card\" content=\"summary_large_image\" \/>\n<meta name=\"twitter:label1\" content=\"Tiempo de lectura\" \/>\n\t<meta name=\"twitter:data1\" content=\"2 minutos\" \/>\n<script type=\"application\/ld+json\" class=\"yoast-schema-graph\">{\"@context\":\"https:\/\/schema.org\",\"@graph\":[{\"@type\":\"WebPage\",\"@id\":\"https:\/\/seguraging.okawa.es\/?page_id=270\",\"url\":\"https:\/\/seguraging.okawa.es\/?page_id=270\",\"name\":\"Contacto - Seguraging\",\"isPartOf\":{\"@id\":\"https:\/\/seguraging.okawa.es\/#website\"},\"datePublished\":\"2026-03-19T12:51:49+00:00\",\"dateModified\":\"2026-03-24T12:10:43+00:00\",\"description\":\"Contacta con nuestro equipo y reserva tu cita en Cl\u00ednica de Salud Seguraging en Badalona. Medicina integrativa con enfoque profesional.\",\"breadcrumb\":{\"@id\":\"https:\/\/seguraging.okawa.es\/?page_id=270#breadcrumb\"},\"inLanguage\":\"es\",\"potentialAction\":[{\"@type\":\"ReadAction\",\"target\":[\"https:\/\/seguraging.okawa.es\/?page_id=270\"]}]},{\"@type\":\"BreadcrumbList\",\"@id\":\"https:\/\/seguraging.okawa.es\/?page_id=270#breadcrumb\",\"itemListElement\":[{\"@type\":\"ListItem\",\"position\":1,\"name\":\"Portada\",\"item\":\"https:\/\/seguraging.okawa.es\/\"},{\"@type\":\"ListItem\",\"position\":2,\"name\":\"Contacto\"}]},{\"@type\":\"WebSite\",\"@id\":\"https:\/\/seguraging.okawa.es\/#website\",\"url\":\"https:\/\/seguraging.okawa.es\/\",\"name\":\"Seguraging\",\"description\":\"\",\"potentialAction\":[{\"@type\":\"SearchAction\",\"target\":{\"@type\":\"EntryPoint\",\"urlTemplate\":\"https:\/\/seguraging.okawa.es\/?s={search_term_string}\"},\"query-input\":{\"@type\":\"PropertyValueSpecification\",\"valueRequired\":true,\"valueName\":\"search_term_string\"}}],\"inLanguage\":\"es\"}]}<\/script>\n<!-- \/ Yoast SEO plugin. -->","yoast_head_json":{"title":"Contacto - Seguraging","description":"Contacta con nuestro equipo y reserva tu cita en Cl\u00ednica de Salud Seguraging en Badalona. Medicina integrativa con enfoque profesional.","robots":{"index":"index","follow":"follow","max-snippet":"max-snippet:-1","max-image-preview":"max-image-preview:large","max-video-preview":"max-video-preview:-1"},"canonical":"https:\/\/seguraging.okawa.es\/?page_id=270","og_locale":"es_ES","og_type":"article","og_title":"Contacto - Seguraging","og_description":"Contacta con nuestro equipo y reserva tu cita en Cl\u00ednica de Salud Seguraging en Badalona. Medicina integrativa con enfoque profesional.","og_url":"https:\/\/seguraging.okawa.es\/?page_id=270","og_site_name":"Seguraging","article_modified_time":"2026-03-24T12:10:43+00:00","twitter_card":"summary_large_image","twitter_misc":{"Tiempo de lectura":"2 minutos"},"schema":{"@context":"https:\/\/schema.org","@graph":[{"@type":"WebPage","@id":"https:\/\/seguraging.okawa.es\/?page_id=270","url":"https:\/\/seguraging.okawa.es\/?page_id=270","name":"Contacto - Seguraging","isPartOf":{"@id":"https:\/\/seguraging.okawa.es\/#website"},"datePublished":"2026-03-19T12:51:49+00:00","dateModified":"2026-03-24T12:10:43+00:00","description":"Contacta con nuestro equipo y reserva tu cita en Cl\u00ednica de Salud Seguraging en Badalona. Medicina integrativa con enfoque profesional.","breadcrumb":{"@id":"https:\/\/seguraging.okawa.es\/?page_id=270#breadcrumb"},"inLanguage":"es","potentialAction":[{"@type":"ReadAction","target":["https:\/\/seguraging.okawa.es\/?page_id=270"]}]},{"@type":"BreadcrumbList","@id":"https:\/\/seguraging.okawa.es\/?page_id=270#breadcrumb","itemListElement":[{"@type":"ListItem","position":1,"name":"Portada","item":"https:\/\/seguraging.okawa.es\/"},{"@type":"ListItem","position":2,"name":"Contacto"}]},{"@type":"WebSite","@id":"https:\/\/seguraging.okawa.es\/#website","url":"https:\/\/seguraging.okawa.es\/","name":"Seguraging","description":"","potentialAction":[{"@type":"SearchAction","target":{"@type":"EntryPoint","urlTemplate":"https:\/\/seguraging.okawa.es\/?s={search_term_string}"},"query-input":{"@type":"PropertyValueSpecification","valueRequired":true,"valueName":"search_term_string"}}],"inLanguage":"es"}]}},"_links":{"self":[{"href":"https:\/\/seguraging.okawa.es\/index.php?rest_route=\/wp\/v2\/pages\/270","targetHints":{"allow":["GET"]}}],"collection":[{"href":"https:\/\/seguraging.okawa.es\/index.php?rest_route=\/wp\/v2\/pages"}],"about":[{"href":"https:\/\/seguraging.okawa.es\/index.php?rest_route=\/wp\/v2\/types\/page"}],"author":[{"embeddable":true,"href":"https:\/\/seguraging.okawa.es\/index.php?rest_route=\/wp\/v2\/users\/1"}],"replies":[{"embeddable":true,"href":"https:\/\/seguraging.okawa.es\/index.php?rest_route=%2Fwp%2Fv2%2Fcomments&post=270"}],"version-history":[{"count":57,"href":"https:\/\/seguraging.okawa.es\/index.php?rest_route=\/wp\/v2\/pages\/270\/revisions"}],"predecessor-version":[{"id":658,"href":"https:\/\/seguraging.okawa.es\/index.php?rest_route=\/wp\/v2\/pages\/270\/revisions\/658"}],"wp:attachment":[{"href":"https:\/\/seguraging.okawa.es\/index.php?rest_route=%2Fwp%2Fv2%2Fmedia&parent=270"}],"curies":[{"name":"wp","href":"https:\/\/api.w.org\/{rel}","templated":true}]}}